{"id":1688,"date":"2019-06-05T07:33:03","date_gmt":"2019-06-05T07:33:03","guid":{"rendered":"https:\/\/cafr.sdone.ro\/?page_id=1688"},"modified":"2023-10-17T09:59:25","modified_gmt":"2023-10-17T07:59:25","slug":"conducere","status":"publish","type":"page","link":"https:\/\/www.cafr.ro\/en\/conducere\/","title":{"rendered":"CAFR\u2019s Management &#038; Organization"},"content":{"rendered":"<p>[et_pb_section fb_built=&#8221;1&#8243; admin_label=&#8221;FAQ&#8221; _builder_version=&#8221;4.16&#8243; background_color=&#8221;#ffffff&#8221; custom_padding=&#8221;0|0px|3px|0px|false|false&#8221; top_divider_color=&#8221;#072b21&#8243; top_divider_height=&#8221;25px&#8221; top_divider_flip=&#8221;vertical&#8221; global_colors_info=&#8221;{}&#8221;][et_pb_row _builder_version=&#8221;4.16&#8243; global_colors_info=&#8221;{}&#8221;][et_pb_column type=&#8221;4_4&#8243; _builder_version=&#8221;4.16&#8243; custom_padding=&#8221;|||&#8221; global_colors_info=&#8221;{}&#8221; custom_padding__hover=&#8221;|||&#8221;][et_pb_text _builder_version=&#8221;4.16&#8243; text_font_size=&#8221;15px&#8221; text_line_height=&#8221;2em&#8221; header_font=&#8221;||||||||&#8221; header_text_align=&#8221;center&#8221; header_text_color=&#8221;#114209&#8243; header_2_font=&#8221;||||||||&#8221; header_2_font_size=&#8221;42px&#8221; header_2_line_height=&#8221;1.5em&#8221; header_3_font=&#8221;Rubik|500||on|||||&#8221; header_3_text_color=&#8221;#098cf2&#8243; header_3_font_size=&#8221;14px&#8221; header_3_letter_spacing=&#8221;2px&#8221; header_3_line_height=&#8221;2em&#8221; text_orientation=&#8221;center&#8221; max_width=&#8221;500px&#8221; module_alignment=&#8221;center&#8221; text_font_size_tablet=&#8221;&#8221; text_font_size_phone=&#8221;14px&#8221; text_font_size_last_edited=&#8221;on|phone&#8221; header_2_font_size_tablet=&#8221;32px&#8221; header_2_font_size_phone=&#8221;22px&#8221; header_2_font_size_last_edited=&#8221;on|phone&#8221; locked=&#8221;off&#8221; inline_fonts=&#8221;Times New Roman&#8221; global_colors_info=&#8221;{}&#8221;]<\/p>\n<h2 style=\"text-align: center;\"><span style=\"color: #003300;\">CAFR&#8217;s Management &amp; Organization<br \/> <\/span><\/h2>\n<p>[\/et_pb_text][\/et_pb_column][\/et_pb_row][et_pb_row _builder_version=&#8221;4.16&#8243; custom_padding=&#8221;27px|0px|15px|0px|false|false&#8221; global_colors_info=&#8221;{}&#8221;][et_pb_column type=&#8221;4_4&#8243; _builder_version=&#8221;4.16&#8243; custom_padding=&#8221;|||&#8221; global_colors_info=&#8221;{}&#8221; custom_padding__hover=&#8221;|||&#8221;][et_pb_accordion open_toggle_text_color=&#8221;#000000&#8243; _builder_version=&#8221;4.18.0&#8243; toggle_font=&#8221;Times New Roman|600|||||||&#8221; body_font=&#8221;Times New Roman|600|||||||&#8221; body_text_color=&#8221;#000000&#8243; hover_enabled=&#8221;0&#8243; border_width_all=&#8221;0px&#8221; box_shadow_style=&#8221;preset3&#8243; global_colors_info=&#8221;{}&#8221; sticky_enabled=&#8221;0&#8243;][et_pb_accordion_item title=&#8221;CAFR Conference&#8221; open=&#8221;off&#8221; _builder_version=&#8221;4.16&#8243; global_colors_info=&#8221;{}&#8221;]<\/p>\n<p><b>CAFR Conference<\/b><br \/> &#8211; is CAFR&#8217;s superior management body;<br \/> &#8211; consists of all CAFR members that can exercise their right to vote;<br \/> &#8211; can be &#8220;Ordinary&#8221; (one time a year, at the request of the Council, in maximum 4 months after the end of the previous financial exercise);<br \/> &#8211; or &#8220;Extraordinary&#8221; (at the request of the Permanent Bureau or at the request of a minimum of 1\/5 of the CAFR members entitled to vote).<\/p>\n<p><b>Tasks<\/b><br \/> -Discussion of the annual Activity Report of the Chamber Council;<br \/> -Discussion and approval or modification of the Annual Financial Situation of the Chamber;<br \/> -Discussion and approval of the Financial Auditors\u2019 Commission Report on the Financial Situation of the Chamber;<br \/> -Approval of the revenue and expenditure budget implementation for the financial year ended; -Approval of the draft revenue and expenditure budget for the next financial year;<br \/> -Approval of the Conference Representation Rules;<br \/> -Election and revocation of the members of the Chamber&#8217;s Council;<br \/> -Election and revocation of the Statutory Auditors Commission;<br \/> -Establishing the strategic objectives of the Chamber; <br \/> -Approval of the Activity Plan of the Chamber&#8217;s Council for the current year;<br \/> -Approval of the establishment, re-organization or dissolution of offices in or outside the country;<br \/> -Approval of the modifications and further amendments of the Functioning and Organization Regulation of the Chamber.<\/p>\n<p>[\/et_pb_accordion_item][et_pb_accordion_item title=&#8221;CAFR Council&#8221; _builder_version=&#8221;4.16&#8243; body_line_height=&#8221;1.2em&#8221; global_colors_info=&#8221;{}&#8221; open=&#8221;off&#8221;]<\/p>\n<div class=\"textBox last\" style=\"background: transparent none repeat scroll 0% 0%; padding-bottom: 0px;\">\n<div align=\"justify\">\n<p><span style=\"font-size: 11.0pt; line-height: 107%;\" calibri=\"\" sans-serif=\"\" mso-ascii-theme-font:minor-latin=\"\" mso-fareast-font-family:=\"\" mso-fareast-theme-font:minor-latin=\"\" mso-hansi-theme-font:minor-latin=\"\" mso-bidi-font-family:=\"\" times=\"\" new=\"\" roman=\"\" mso-bidi-theme-font:minor-bidi=\"\" mso-ansi-language:en-us=\"\" mso-fareast-language:en-us=\"\" mso-bidi-language:ar-sa=\"\"><a href=\"mailto:invatamant.admitere@cafr.ro\"><\/a><\/span><\/p>\n<p>The Council consists of 11 members, elected by the Ordinary Conference on a three-year term, as per the election procedure approved by the Chamber, with prior notice from ASPAAS;<br \/> Both the CAFR Council Members and the Council&#8217;s President are allowed to have two terms at the most;<br \/> The CAFR Council meets every other month and, when necessary, at the request of the President or of at least one third of the Council Members;<br \/> The meetings of the CAFR Council may take place only in the presence of at the least seven members out of the 11 members of the CAFR Council.<\/p>\n<p><strong>Powers and duties<\/strong><br \/> The CAFR Council coordinates, manages and controls the activity of the Chamber, having the following duties:<\/p>\n<p>&#8211; ensures the enforcement of the decisions of the Conference and informs the Conference on the manner in which they are carried out, in accordance with the law;<br \/> &#8211; ensures the conditions for an effective administration and management of the Chamber\u2019s assets, in accordance with the law;<br \/> &#8211; adopts and presents proposals to the Conference regarding the strategic objectives of the Chamber;<br \/> &#8211; adopts and submits for the approval of the Conference the activity reports, the annual financial statements and the implementation of the revenue and expenditure budget regarding the financial year ended, as well as the revenue and expenditure budget regarding the current financial year;<br \/> &#8211; adopts and submits for analysis of the ASPAAS the annual report regarding the Chamber\u2019s activity, 30 days before the Conference;<br \/> &#8211; adopts and submits for analysis of the Conference the draft Regulation on the organization and functioning of the Chamber, with prior notice from ASPAAS;<br \/> &#8211; elects and revokes members of the Permanent Bureau of the Chamber\u2019s Council;<br \/> &#8211; approves rules regarding the current activity of the executive staff of the Chamber, which include the tasks and responsibilities of the executive structures, as well as the relations between them, the collective labor agreement, list of positions and personnel policy;<br \/> &#8211; approves granting of the title \u201cHonorary President\u201d and \u201cHonorary Financial Auditor\u201d in terms of procedures regarding granting of honorary titles adopted by the Chamber and approves the structure of the Excellence Committee upon proposal of the Permanent Bureau of the Chamber\u2019s Council;<br \/> &#8211; establishes work committees based on fields of activity;<br \/> &#8211; annually sets benefits for the members of the Chamber\u2019s Council, the Permanent Bureau of the Chamber and of the Audit Committee;<br \/> &#8211; sets the benefits amounts for persons designated in art. 22-25 of this Regulation, as applicable;<br \/> &#8211; designates a member of the Chamber\u2019s Council to represent the Chamber before the ASPAAS Superior Council;<\/p>\n<p>&#8211; performs all duties related to ASPAAS;<\/p>\n<p>&#8211; grants exemptions for CAFR members for activities for which CAFR has jurisdiction under law;<\/p>\n<p>&#8211; grants and withdraws the membership;<\/p>\n<p>&#8211; discusses and approves the Disciplinary Commission&#8217;s annual activity report;<\/p>\n<p>&#8211; performs other duties set forth by the law and this Regulation, except those assigned within the power of the Conference or of the Permanent Bureau of the Chamber\u2019s Council.<\/p>\n<p>The Chamber\u2019s Council may adopt its own Regulation for organization and functioning, as per the rules of this Regulation.<\/p>\n<p>The Chamber\u2019s Council may delegate the powers of the Permanent Bureau of the Chamber&#8217;s Council and the President of the Chamber&#8217;s Council, as the case may be.<br \/> In exercising its duties, the Chamber\u2019s Council issues decisions.<br \/> The decisions of the Chamber\u2019s Council shall be published in the Official Journal of Romania, Part I, with prior notice from ASPAAS, as the case may be.<\/p>\n<p>&nbsp;<\/p>\n<p>&nbsp;<\/p>\n<p>&nbsp;<\/p>\n<\/div>\n<\/div>\n<p>[\/et_pb_accordion_item][et_pb_accordion_item title=&#8221;Members of the CAFR Council&#8221; open_toggle_text_color=&#8221;#000000&#8243; _builder_version=&#8221;4.18.0&#8243; body_font=&#8221;Times New Roman||||||||&#8221; text_orientation=&#8221;left&#8221; hover_enabled=&#8221;0&#8243; global_colors_info=&#8221;{}&#8221; toggle_text_color=&#8221;#666666&#8243; toggle_level=&#8221;h4&#8243; open=&#8221;on&#8221; sticky_enabled=&#8221;0&#8243;]<\/p>\n<p>&nbsp;<\/p>\n<table width=\"100%\">\n<tbody>\n<tr>\n<td width=\"28%\"><img decoding=\"async\" loading=\"lazy\" src=\"https:\/\/www.cafr.ro\/en\/wp-content\/uploads\/2023\/09\/adrian-popescu-poza-202x300.jpg\" width=\"250\" height=\"371\" alt=\"\" class=\"wp-image-5469 alignnone size-medium\" style=\"display: block; margin-left: auto; margin-right: auto;\" srcset=\"https:\/\/www.cafr.ro\/en\/wp-content\/uploads\/2023\/09\/adrian-popescu-poza-202x300.jpg 202w, https:\/\/www.cafr.ro\/en\/wp-content\/uploads\/2023\/09\/adrian-popescu-poza.jpg 295w\" sizes=\"(max-width: 250px) 100vw, 250px\" \/><\/td>\n<td width=\"70%\">\n<p><strong>Adrian Popescu,<\/strong><\/p>\n<p>President of the Council and of the Permanent Bureau<\/p>\n<\/td>\n<\/tr>\n<tr>\n<td width=\"28%\"><img decoding=\"async\" loading=\"lazy\" src=\"https:\/\/www.cafr.ro\/en\/wp-content\/uploads\/2023\/09\/liliana-popescu-poza-202x300.jpg\" width=\"191\" height=\"284\" alt=\"\" class=\"wp-image-5471 alignnone size-medium\" style=\"display: block; margin-left: auto; margin-right: auto;\" srcset=\"https:\/\/www.cafr.ro\/en\/wp-content\/uploads\/2023\/09\/liliana-popescu-poza-202x300.jpg 202w, https:\/\/www.cafr.ro\/en\/wp-content\/uploads\/2023\/09\/liliana-popescu-poza.jpg 294w\" sizes=\"(max-width: 191px) 100vw, 191px\" \/><\/td>\n<td width=\"70%\">\n<p><strong>Professor Liliana Ionescu-Feleag\u0103,<\/strong><\/p>\n<p>First Vice-president of the Council<\/p>\n<\/td>\n<\/tr>\n<tr>\n<td width=\"28%\"><img decoding=\"async\" loading=\"lazy\" src=\"https:\/\/www.cafr.ro\/en\/wp-content\/uploads\/2023\/10\/Iulian-Ardeleanu-v1-216x300.jpg\" width=\"188\" height=\"261\" alt=\"\" class=\"wp-image-5488 alignnone size-medium\" style=\"display: block; margin-left: auto; margin-right: auto;\" \/><\/td>\n<td width=\"70%\">\n<p><strong>Iulian Ardeleanu,<\/strong><\/p>\n<p>Vice-president of the Council<\/p>\n<\/td>\n<\/tr>\n<tr>\n<td width=\"28%\"><img decoding=\"async\" loading=\"lazy\" src=\"https:\/\/www.cafr.ro\/en\/wp-content\/uploads\/2023\/10\/alin-constantin-.jpg\" width=\"183\" height=\"222\" alt=\"\" class=\"wp-image-5476 alignnone size-full\" style=\"display: block; margin-left: auto; margin-right: auto;\" \/><\/td>\n<td width=\"70%\">\n<p><strong>Associate professor Alin Constantin Dumitrescu, PhD<\/strong><\/p>\n<p>Vice-president of the Council<\/p>\n<\/td>\n<\/tr>\n<tr>\n<td width=\"28%\"><\/td>\n<td width=\"70%\">\n<p><strong>Liliana Ialomi\u0163ianu,<\/strong><\/p>\n<p>Vice-president of the Council<\/p>\n<\/td>\n<\/tr>\n<tr>\n<td width=\"28%\"><img decoding=\"async\" loading=\"lazy\" src=\"https:\/\/www.cafr.ro\/en\/wp-content\/uploads\/2023\/10\/AlinaFANITA_Site-223x300.jpg\" width=\"191\" height=\"257\" alt=\"\" class=\"wp-image-5473 alignnone size-medium\" style=\"display: block; margin-left: auto; margin-right: auto;\" \/><\/td>\n<td width=\"70%\">\n<p><strong>Alina Gabriela F\u0103ni\u0163\u0103,\u00a0<\/strong><\/p>\n<p>Member of the Council<\/p>\n<\/td>\n<\/tr>\n<tr>\n<td width=\"28%\"><img decoding=\"async\" loading=\"lazy\" src=\"https:\/\/www.cafr.ro\/en\/wp-content\/uploads\/2023\/10\/RodicaCALUGAREANU_OK_Postare-285x300.png\" width=\"190\" height=\"200\" alt=\"\" class=\"wp-image-5481 alignnone size-medium\" style=\"display: block; margin-left: auto; margin-right: auto;\" \/><\/td>\n<td width=\"70%\">\n<p><strong>Rodica C\u0103lug\u0103reanu,<\/strong><\/p>\n<p>Member of the Council<\/p>\n<\/td>\n<\/tr>\n<tr>\n<td width=\"28%\"><img decoding=\"async\" loading=\"lazy\" src=\"https:\/\/www.cafr.ro\/en\/wp-content\/uploads\/2023\/10\/Dan_AlexandruGROZA_Site-300x258.jpg\" width=\"190\" height=\"163\" alt=\"\" class=\"wp-image-5483 alignnone size-medium\" style=\"display: block; margin-left: auto; margin-right: auto;\" \/><\/td>\n<td width=\"70%\">\n<p><strong>Dan \u2013 Alexandru Groza,<\/strong><\/p>\n<p>Member of the Council<\/p>\n<\/td>\n<\/tr>\n<tr>\n<td width=\"28%\"><img decoding=\"async\" loading=\"lazy\" src=\"https:\/\/www.cafr.ro\/en\/wp-content\/uploads\/2023\/10\/Mircea_IosifRUS_Site-300x300.jpg\" width=\"190\" height=\"190\" alt=\"\" class=\"wp-image-5475 alignnone size-medium\" style=\"display: block; margin-left: auto; margin-right: auto;\" \/><\/td>\n<td width=\"70%\">\n<p><strong>Mircea \u2013 Iosif Rus,<\/strong><\/p>\n<p>Member of the Council<\/p>\n<\/td>\n<\/tr>\n<tr>\n<td width=\"28%\"><img decoding=\"async\" loading=\"lazy\" src=\"https:\/\/www.cafr.ro\/en\/wp-content\/uploads\/2023\/10\/Filip_STOICA_Site-275x300.jpg\" width=\"190\" height=\"208\" alt=\"\" class=\"wp-image-5474 alignnone size-medium\" style=\"display: block; margin-left: auto; margin-right: auto;\" \/><\/td>\n<td width=\"70%\">\n<p><strong>Filip Stoica,<\/strong><\/p>\n<p>Member of the Council<\/p>\n<\/td>\n<\/tr>\n<tr>\n<td width=\"28%\"><img decoding=\"async\" loading=\"lazy\" src=\"https:\/\/www.cafr.ro\/en\/wp-content\/uploads\/2023\/10\/NicolaeCOVRIG_Site-300x291.jpg\" width=\"190\" height=\"185\" alt=\"\" class=\"wp-image-5479 alignnone size-medium\" style=\"display: block; margin-left: auto; margin-right: auto;\" \/><\/td>\n<td width=\"70%\">\n<p><strong>Nicolae Covrig,<\/strong><\/p>\n<p>Member of the Council<\/p>\n<\/td>\n<\/tr>\n<\/tbody>\n<\/table>\n<p><span>\u00a0<\/span><\/p>\n<p>[\/et_pb_accordion_item][et_pb_accordion_item title=&#8221;Permanent Bureau of the Chamber Council&#8221; _builder_version=&#8221;4.16&#8243; global_colors_info=&#8221;{}&#8221; open=&#8221;off&#8221;]<\/p>\n<p><b>Permanent Bureau of the Chamber Council<\/b><br \/> -consists of: President, the First-Vice-President and the 3 Vice-Presidents of the Chamber Council;<br \/> -the Permanent Bureau meets once in a month or whenever necessary.<\/p>\n<p>&nbsp;<\/p>\n<p><b>Tasks<\/b><\/p>\n<p>&nbsp;<\/p>\n<p>The Permanent Bureau of the Chamber\u2019s Council ensures the current management of the Chamber and performs the following tasks:<br \/> &#8211; develops the annual draft revenue and expenditure budget and submits it for further consideration and adoption by the Chamber\u2019s Council no later than December 15th of the year preceding the year to which the budget refers;<br \/> &#8211; oversees the implementation of the revenue and expenditure budget;<br \/> &#8211; submits for approval of the Chamber\u2019s Council the Chamber\u2019s activity program for the current year;<br \/> &#8211; approves the activities for the executive staff;<br \/> &#8211; adopts and submits for the approval of the Authority for the Public Oversight of the Statutory Audit Activity the annual inspection plan regarding quality control in the field of statutory audit;<br \/> &#8211; approves the agenda for travelling abroad;<br \/> &#8211; hires, promotes, sanctions and dismisses staff in management positions within the Executive of the Chamber;<br \/> &#8211; suggests for the approval of the Chamber\u2019s Council the organizational chart of the executive staff of the Chamber, and also the rules regarding its activity and the personnel policy;<br \/> &#8211; approves, upon proposal of the Secretary General, the collective labor agreement of the Chamber;<br \/> &#8211; monitors the drafting, updating and publishing of the Public Registry;<br \/> &#8211; performs other duties set forth by the law, this\u00a0 Regulation or by the Chamber\u2019s Council, except for those assigned to the Conference or the Chamber\u2019s Council.<\/p>\n<p>&nbsp;<\/p>\n<p>The Permanent Bureau of the Chamber\u2019s Council may adopt its own Organization and Functioning Regulation.<br \/> In performing its duties, the Permanent Bureau of the Councils Chamber issues decisions.<\/p>\n<p>[\/et_pb_accordion_item][et_pb_accordion_item title=&#8221;Statutory Auditors Commission&#8221; _builder_version=&#8221;4.16&#8243; global_colors_info=&#8221;{}&#8221; open=&#8221;off&#8221;]<\/p>\n<p><b>Statutory Auditors Commission<\/b><br \/> -consists of 3 members elected from the Chamber Members;<br \/> -the members of the Council or the Chamber\u2019s employees, as well as the associates, employees,\u00a0 relatives up to the fourth degree cannot fulfil its mandate of statutory auditor of the Chamber.<\/p>\n<p><b>Tasks<\/b><br \/> -performing the financial audit of the Chamber\u2019s financial statements;<br \/> -preparing the annual financial audit report of the Chamber and other reports required by the Chamber Council and submitting them to the Conference for approval;<br \/> -participating to the Council&#8217;s meetings without the right to vote.<\/p>\n<p>&nbsp;<\/p>\n<p>[\/et_pb_accordion_item][et_pb_accordion_item title=&#8221;CAFR&#8217;s Executive Management&#8221; _builder_version=&#8221;4.16&#8243; global_colors_info=&#8221;{}&#8221; open=&#8221;off&#8221;]<\/p>\n<div class=\"textBox last\" style=\"background: transparent none repeat scroll 0% 0%; padding-bottom: 0px;\">\n<div class=\"et_pb_toggle_content clearfix\">\n<p>Secretary General : Daniela \u0218tef\u0103nu\u021b<\/p>\n<p>Chief Accountant : Mihaela Bodan<\/p>\n<\/div>\n<\/div>\n<p>[\/et_pb_accordion_item][et_pb_accordion_item title=&#8221;Record of the Members of the CAFR Council&#8221; _builder_version=&#8221;4.16&#8243; global_colors_info=&#8221;{}&#8221; open=&#8221;off&#8221;]<\/p>\n<p><a href=\"http:\/\/www.cafr.ro\/uploads\/Istoric%20Consiliu-1dad.pdf\">Record of the Members of the CAFR Council<\/a><\/p>\n<p>[\/et_pb_accordion_item][\/et_pb_accordion][et_pb_divider color=&#8221;#27490b&#8221; divider_weight=&#8221;1px&#8221; _builder_version=&#8221;4.16&#8243; custom_margin=&#8221;||8px|||&#8221; global_colors_info=&#8221;{}&#8221;][\/et_pb_divider][\/et_pb_column][\/et_pb_row][\/et_pb_section]<\/p>\n","protected":false},"excerpt":{"rendered":"<p>CAFR&#8217;s Management &amp; Organization CAFR Conference &#8211; is CAFR&#8217;s superior management body; &#8211; consists of all CAFR members that can exercise their right to vote; &#8211; can be &#8220;Ordinary&#8221; (one time a year, at the request of the Council, in maximum 4 months after the end of the previous financial exercise); &#8211; or &#8220;Extraordinary&#8221; (at [&hellip;]<\/p>\n","protected":false},"author":3,"featured_media":0,"parent":0,"menu_order":0,"comment_status":"closed","ping_status":"closed","template":"","meta":{"_et_pb_use_builder":"on","_et_pb_old_content":"","_et_gb_content_width":""},"_links":{"self":[{"href":"https:\/\/www.cafr.ro\/en\/wp-json\/wp\/v2\/pages\/1688"}],"collection":[{"href":"https:\/\/www.cafr.ro\/en\/wp-json\/wp\/v2\/pages"}],"about":[{"href":"https:\/\/www.cafr.ro\/en\/wp-json\/wp\/v2\/types\/page"}],"author":[{"embeddable":true,"href":"https:\/\/www.cafr.ro\/en\/wp-json\/wp\/v2\/users\/3"}],"replies":[{"embeddable":true,"href":"https:\/\/www.cafr.ro\/en\/wp-json\/wp\/v2\/comments?post=1688"}],"version-history":[{"count":58,"href":"https:\/\/www.cafr.ro\/en\/wp-json\/wp\/v2\/pages\/1688\/revisions"}],"predecessor-version":[{"id":5489,"href":"https:\/\/www.cafr.ro\/en\/wp-json\/wp\/v2\/pages\/1688\/revisions\/5489"}],"wp:attachment":[{"href":"https:\/\/www.cafr.ro\/en\/wp-json\/wp\/v2\/media?parent=1688"}],"curies":[{"name":"wp","href":"https:\/\/api.w.org\/{rel}","templated":true}]}}