{"id":442,"date":"2018-12-14T09:18:22","date_gmt":"2018-12-14T09:18:22","guid":{"rendered":"https:\/\/cafr.sdone.ro\/?page_id=442"},"modified":"2020-02-07T12:03:15","modified_gmt":"2020-02-07T10:03:15","slug":"reprezentante-regionale","status":"publish","type":"page","link":"https:\/\/www.cafr.ro\/en\/reprezentante-regionale\/","title":{"rendered":"Reprezentante regionale"},"content":{"rendered":"<p>[et_pb_section fb_built=&#8221;1&#8243; _builder_version=&#8221;4.3.1&#8243; background_color=&#8221;#ffffff&#8221; custom_padding=&#8221;0px|0px|54px|0px|false|false&#8221; top_divider_color=&#8221;#0d5110&#8243; top_divider_height=&#8221;25px&#8221; top_divider_flip=&#8221;vertical&#8221; hover_enabled=&#8221;0&#8243;][et_pb_row _builder_version=&#8221;3.25&#8243;][et_pb_column type=&#8221;4_4&#8243; _builder_version=&#8221;3.25&#8243; custom_padding=&#8221;|||&#8221; custom_padding__hover=&#8221;|||&#8221;][et_pb_text _builder_version=&#8221;3.27.4&#8243; text_font_size=&#8221;15px&#8221; text_line_height=&#8221;2em&#8221; header_font=&#8221;||||||||&#8221; header_text_align=&#8221;center&#8221; header_2_font=&#8221;||||||||&#8221; header_2_font_size=&#8221;42px&#8221; header_2_line_height=&#8221;1.5em&#8221; header_3_font=&#8221;Rubik|500||on|||||&#8221; header_3_text_color=&#8221;#098cf2&#8243; header_3_font_size=&#8221;14px&#8221; header_3_letter_spacing=&#8221;2px&#8221; header_3_line_height=&#8221;2em&#8221; text_orientation=&#8221;center&#8221; max_width=&#8221;500px&#8221; module_alignment=&#8221;center&#8221; text_font_size_tablet=&#8221;&#8221; text_font_size_phone=&#8221;14px&#8221; text_font_size_last_edited=&#8221;on|phone&#8221; header_2_font_size_tablet=&#8221;32px&#8221; header_2_font_size_phone=&#8221;22px&#8221; header_2_font_size_last_edited=&#8221;on|phone&#8221; locked=&#8221;off&#8221; inline_fonts=&#8221;Times New Roman&#8221; header_text_color=&#8221;#114209&#8243;]<\/p>\n<h2 style=\"text-align: center;\"><span style=\"color: #003300;\">Regional Offices<br \/> <\/span><\/h2>\n<p>[\/et_pb_text][\/et_pb_column][\/et_pb_row][et_pb_row column_structure=&#8221;1_5,3_5,1_5&#8243; _builder_version=&#8221;3.25&#8243;][et_pb_column type=&#8221;1_5&#8243; _builder_version=&#8221;3.25&#8243; custom_padding=&#8221;|||&#8221; custom_padding__hover=&#8221;|||&#8221;][\/et_pb_column][et_pb_column type=&#8221;3_5&#8243; _builder_version=&#8221;3.25&#8243; custom_padding=&#8221;|||&#8221; custom_padding__hover=&#8221;|||&#8221;][et_pb_image src=&#8221;https:\/\/new.cafr.ro\/en\/wp-content\/uploads\/2019\/10\/hartanoua.png&#8221; _builder_version=&#8221;3.29.3&#8243;][\/et_pb_image][\/et_pb_column][et_pb_column type=&#8221;1_5&#8243; _builder_version=&#8221;3.25&#8243; custom_padding=&#8221;|||&#8221; custom_padding__hover=&#8221;|||&#8221;][\/et_pb_column][\/et_pb_row][et_pb_row column_structure=&#8221;1_5,3_5,1_5&#8243; _builder_version=&#8221;3.25&#8243;][et_pb_column type=&#8221;1_5&#8243; _builder_version=&#8221;3.25&#8243; custom_padding=&#8221;|||&#8221; custom_padding__hover=&#8221;|||&#8221;][\/et_pb_column][et_pb_column type=&#8221;3_5&#8243; _builder_version=&#8221;3.25&#8243; custom_padding=&#8221;|||&#8221; custom_padding__hover=&#8221;|||&#8221;][et_pb_toggle title=&#8221;SERVICES&#8221; icon_color=&#8221;#e02b20&#8243; _builder_version=&#8221;3.25.4&#8243; body_font=&#8221;||||||||&#8221; body_text_align=&#8221;center&#8221; body_text_color=&#8221;#000000&#8243; text_orientation=&#8221;center&#8221; border_width_all=&#8221;0px&#8221; box_shadow_style=&#8221;preset3&#8243;]<\/p>\n<p style=\"text-align: left;\"><strong>Targets:<\/strong><br \/> The regional offices provide service-related activities for members at the territorial level:<br \/> \u2022\u00a0\u00a0\u00a0 Registration, recording, withdrawal and suspension of CAFR members &#8211; natural and legal entities in the development area (taking over the registration dossiers, specific reports and declarations, granting of visas, issuing of certificates, etc.);<br \/> The regional offices provide CPD courses for members and trainees at the territorial level<br \/> \u2022\u00a0\u00a0 \u00a0 Organization of mandatory and optional courses at the territorial level;<br \/> <strong>Other activities<\/strong><br \/> \u2022\u00a0\u00a0\u00a0 Collection of fixed\/variable fees and charges;<br \/> \u2022\u00a0\u00a0\u00a0 Information and technical assistance activities for the Chamber&#8217;s members;<br \/> \u2022\u00a0\u00a0\u00a0 Information activities for the entities outside the Chamber;<br \/> \u2022\u00a0\u00a0\u00a0 Organization of seminars, meetings or other festive activities for the Chamber&#8217;s members;<br \/> \u2022\u00a0\u00a0\u00a0 Advisory meetings with members and business representatives in the territory;<br \/> \u2022\u00a0\u00a0\u00a0 Promoting existing publications: &#8220;Financial Audit&#8221; and &#8220;Auditing Practices&#8221; Journals, etc.;<br \/> \u2022\u00a0\u00a0\u00a0 Other tasks set up by the Chamber&#8217;s management representatives.<\/p>\n<p>[\/et_pb_toggle][\/et_pb_column][et_pb_column type=&#8221;1_5&#8243; _builder_version=&#8221;3.25&#8243; custom_padding=&#8221;|||&#8221; custom_padding__hover=&#8221;|||&#8221;][\/et_pb_column][\/et_pb_row][et_pb_row column_structure=&#8221;1_3,1_3,1_3&#8243; _builder_version=&#8221;3.25&#8243;][et_pb_column type=&#8221;1_3&#8243; _builder_version=&#8221;3.25&#8243; custom_padding=&#8221;|||&#8221; custom_padding__hover=&#8221;|||&#8221;][et_pb_text _builder_version=&#8221;3.27.4&#8243; inline_fonts=&#8221;Times New Roman&#8221;]<\/p>\n<p><span style=\"font-family: Times New Roman; font-weight: normal; font-size: large; color: #070707;\"><b><span style=\"text-decoration: underline;\">Ia\u015fi Regional Office<\/span><\/b><\/span><\/p>\n<p><span style=\"font-family: Times New Roman; font-weight: normal; font-size: large; color: #070707;\"><span calibri=\"\" sans-serif=\"\" mso-fareast-font-family:calibri=\"\" mso-fareast-theme-font:minor-latin=\"\" mso-ansi-language:=\"\" en-us=\"\" mso-fareast-language:en-us=\"\" mso-bidi-language:ar-sa=\"\">23A Sf\u00e2ntul Laz\u0103r St., 1st floor, Ia\u015fi;<\/span><\/span><br \/> <span style=\"font-family: Times New Roman; font-weight: normal; font-size: large; color: #070707;\"><strong>Phone\/Fax<\/strong>: +4<span><span class=\"Apple-converted-space\">031.433.59.33<\/span><\/span><br \/> <strong>Mobile:<\/strong> +40730.025.739<span style=\"font-size: 12.0pt;\" times=\"\" new=\"\" roman=\"\" serif=\"\" mso-fareast-font-family:calibri=\"\" mso-fareast-theme-font:minor-latin=\"\" color:black=\"\" mso-ansi-language:en-us=\"\" mso-fareast-language:en-us=\"\" mso-bidi-language:ar-sa=\"\"><\/span><br \/> <strong>E-mail:<\/strong> centru.iasi@cafr.ro<\/span><br \/> <span style=\"font-family: Times New Roman; font-weight: normal; font-size: large; color: #070707;\">Working hours: <b>09:00 \u2013 15:00<\/b>, except for non-business days and public holidays.\u00a0<\/span><br \/> <span style=\"font-family: Times New Roman; font-weight: normal; font-size: large; color: #070707;\"><b><\/b><\/span><\/p>\n<p>[\/et_pb_text][\/et_pb_column][et_pb_column type=&#8221;1_3&#8243; _builder_version=&#8221;3.25&#8243; custom_padding=&#8221;|||&#8221; custom_padding__hover=&#8221;|||&#8221;][et_pb_text _builder_version=&#8221;3.27.4&#8243; inline_fonts=&#8221;Times New Roman&#8221;]<\/p>\n<p><span style=\"text-decoration: underline; font-size: large;\"><span style=\"font-family: Times New Roman; font-weight: normal; color: #070707; text-decoration: underline;\"><b>Bra\u015fov Regional Office<\/b><b> <\/b><\/span><\/span><br \/> 14 Mihail Kog\u0103lniceanu St, Building 1K, Entrance A, Ground floor, Bra\u015fov;<br \/> <span style=\"font-family: Times New Roman; font-weight: normal; font-size: large; color: #070707;\"><strong>Phone\/Fax<\/strong>: <span><span class=\"Apple-converted-space\">+4031.433.59.31<\/span><\/span><br \/> <strong>Mobile<\/strong>: +40731.031.029<br \/> <strong>E-mail<\/strong>: centru.brasov@cafr.ro<\/span><br \/> <span style=\"font-family: Times New Roman; font-weight: normal; font-size: large; color: #070707;\">Working hours: <strong>09:00 \u2013 15:00<\/strong>, except for non-business days and public holidays.<\/span><br \/> <span style=\"font-family: Times New Roman; font-weight: normal; font-size: large; color: #070707;\"><b><\/b><\/span><\/p>\n<p>[\/et_pb_text][\/et_pb_column][et_pb_column type=&#8221;1_3&#8243; _builder_version=&#8221;3.25&#8243; custom_padding=&#8221;|||&#8221; custom_padding__hover=&#8221;|||&#8221;][et_pb_text _builder_version=&#8221;3.27.4&#8243; inline_fonts=&#8221;Times New Roman&#8221;]<\/p>\n<p><span style=\"text-decoration: underline; font-size: large;\"><span style=\"font-family: Times New Roman; font-weight: normal; color: #070707; text-decoration: underline;\"><b>Cluj Regional Office <\/b><\/span><\/span><br \/> 21 Calea Dorobantilor, 1st Floor, Room 9, Cluj- Napoca<br \/> <span style=\"font-family: Times New Roman; font-weight: normal; font-size: large; color: #070707;\"><strong>Phone\/Fax<\/strong>: <span><span class=\"Apple-converted-space\">+4031.433.59.32<\/span><\/span><br \/> <strong>Mobile:<\/strong> 0756.133.170<br \/> <strong>E-mail:<\/strong> <a href=\"mailto:centru.cluj@cafr.ro\">centru.cluj@cafr.ro<\/a><\/span><br \/> <span style=\"font-family: Times New Roman; font-weight: normal; font-size: large; color: #070707;\"><\/span><\/p>\n<p><span>Working hours: <strong>09:00 \u2013 15:00<\/strong>, except for non-business days and public holidays.<\/span><strong><br \/> <\/strong><\/p>\n<p><span style=\"font-family: Times New Roman; font-weight: normal; font-size: large; color: #070707;\"><\/span><\/p>\n<p>[\/et_pb_text][\/et_pb_column][\/et_pb_row][et_pb_row column_structure=&#8221;1_2,1_2&#8243; _builder_version=&#8221;3.25&#8243;][et_pb_column type=&#8221;1_2&#8243; _builder_version=&#8221;3.25&#8243; custom_padding=&#8221;|||&#8221; custom_padding__hover=&#8221;|||&#8221;][et_pb_text _builder_version=&#8221;3.27.4&#8243; inline_fonts=&#8221;Times New Roman&#8221;]<\/p>\n<p><span style=\"text-decoration: underline; font-size: large;\"><span style=\"font-family: Times New Roman; font-weight: normal; color: #070707; text-decoration: underline;\"><b>Timi\u0219oara Regional Office<\/b><\/span><\/span><br \/> <span style=\"font-family: Times New Roman; font-weight: normal; font-size: large; color: #070707;\">2A Paris Street, 1st floor, room 104, (IPROTIM building)<\/span><br \/> <span style=\"font-family: Times New Roman; font-weight: normal; font-size: large; color: #070707;\"><strong>Telephone\/fax: <\/strong>+4<span><span class=\"Apple-converted-space\">031.433.59.34<\/span><\/span><br \/><strong>Mobile: <\/strong>0731.031.028<em> <br \/><\/em><strong>E-mail: <\/strong><a href=\"mailto:centru.timisoara@cafr.ro\">centru.timisoara@cafr.ro<\/a><\/span><br \/> <span style=\"font-family: Times New Roman; font-weight: normal; font-size: large; color: #070707;\"><span>Working hours: <strong>09:00 \u2013 15:00<\/strong>, except for non-business days and public holidays.<\/span><strong><\/strong><br \/> <\/span><\/p>\n<p>[\/et_pb_text][\/et_pb_column][et_pb_column type=&#8221;1_2&#8243; _builder_version=&#8221;3.25&#8243; custom_padding=&#8221;|||&#8221; custom_padding__hover=&#8221;|||&#8221;][et_pb_text _builder_version=&#8221;3.27.4&#8243; inline_fonts=&#8221;Times New Roman&#8221;]<\/p>\n<div><span style=\"text-decoration: underline; font-size: large;\"><span style=\"font-family: Times New Roman; font-weight: normal; color: #070707; text-decoration: underline;\"><b>\u00a0Constan\u021ba Regional Office<\/b><\/span><\/span><\/div>\n<div><span style=\"font-family: Times New Roman; font-weight: normal; font-size: large; color: #070707;\"><span>116 F\u0103getului, 2nd floor<strong>, Constan\u021ba<\/strong><\/span><\/span><\/div>\n<div><span style=\"font-family: Times New Roman; font-weight: normal; font-size: large; color: #070707;\"><strong>Telephone\/fax:<\/strong><span> 031.433.59.36<\/span><br \/> <strong>E-mail:<\/strong><span> <a href=\"mailto:centru.constanta@cafr.ro\">centru.constanta@cafr.ro<\/a><\/span><\/span><br \/> <span style=\"font-family: Times New Roman; font-weight: normal; font-size: large; color: #070707;\"><span>Working hours: <strong>09:00 \u2013 15:00<\/strong>, except for non-business days and public holidays.<\/span><\/span><span style=\"font-family: Times New Roman; font-weight: normal; font-size: large; color: #070707;\"><\/span><\/div>\n<p>[\/et_pb_text][\/et_pb_column][\/et_pb_row][\/et_pb_section]<\/p>\n","protected":false},"excerpt":{"rendered":"<p>Regional Offices Targets: The regional offices provide service-related activities for members at the territorial level: \u2022\u00a0\u00a0\u00a0 Registration, recording, withdrawal and suspension of CAFR members &#8211; natural and legal entities in the development area (taking over the registration dossiers, specific reports and declarations, granting of visas, issuing of certificates, etc.); The regional offices provide CPD courses [&hellip;]<\/p>\n","protected":false},"author":3,"featured_media":0,"parent":0,"menu_order":0,"comment_status":"closed","ping_status":"closed","template":"","meta":{"_et_pb_use_builder":"on","_et_pb_old_content":"","_et_gb_content_width":""},"_links":{"self":[{"href":"https:\/\/www.cafr.ro\/en\/wp-json\/wp\/v2\/pages\/442"}],"collection":[{"href":"https:\/\/www.cafr.ro\/en\/wp-json\/wp\/v2\/pages"}],"about":[{"href":"https:\/\/www.cafr.ro\/en\/wp-json\/wp\/v2\/types\/page"}],"author":[{"embeddable":true,"href":"https:\/\/www.cafr.ro\/en\/wp-json\/wp\/v2\/users\/3"}],"replies":[{"embeddable":true,"href":"https:\/\/www.cafr.ro\/en\/wp-json\/wp\/v2\/comments?post=442"}],"version-history":[{"count":36,"href":"https:\/\/www.cafr.ro\/en\/wp-json\/wp\/v2\/pages\/442\/revisions"}],"predecessor-version":[{"id":5225,"href":"https:\/\/www.cafr.ro\/en\/wp-json\/wp\/v2\/pages\/442\/revisions\/5225"}],"wp:attachment":[{"href":"https:\/\/www.cafr.ro\/en\/wp-json\/wp\/v2\/media?parent=442"}],"curies":[{"name":"wp","href":"https:\/\/api.w.org\/{rel}","templated":true}]}}